{"id":2,"date":"2014-09-22T15:41:27","date_gmt":"2014-09-22T15:41:27","guid":{"rendered":"http:\/\/www.thdcotedor.webcd21.fr\/?page_id=2"},"modified":"2023-06-30T08:24:00","modified_gmt":"2023-06-30T07:24:00","slug":"page-d-exemple","status":"publish","type":"page","link":"https:\/\/www.thd.cotedor.fr\/?page_id=2","title":{"rendered":"Mentions l\u00e9gales"},"content":{"rendered":"<h3>1\/ Information \u00e9diteur<\/h3>\n<p>Le pr\u00e9sent site est la propri\u00e9t\u00e9 du D\u00e9partement de la C\u00f4te-d&rsquo;Or dont le si\u00e8ge est situ\u00e9 \u00e0 :<\/p>\n<p>H\u00f4tel du D\u00e9partement<br \/>\n53 bis Rue de la Pr\u00e9fecture &#8211; B.P. 1601<br \/>\n21035 Dijon Cedex<br \/>\nT\u00e9l. : 03 80 63 66 00<\/p>\n<p>Directeur de la publication : Marc SUIVRE, directeur de cabinet du Conseil D\u00e9partemental de C\u00f4te-d&rsquo;Or<\/p>\n<p>Contact webmestre : <a title=\"contact webmaster\" href=\"http:\/\/www.cotedor.fr\/cms\/lang\/fr\/contact-webmaster\" target=\"_blank\" rel=\"noopener noreferrer\">cliquez ici<\/a><\/p>\n<h3>2\/ Information plateforme<\/h3>\n<p>Site d\u00e9velopp\u00e9 sous WordPress<br \/>\nTh\u00e8me : Argo 2013 \u00a9<br \/>\nDesign : <span style=\"color: #333333;\"><a href=\"http:\/\/themeforest.net\/user\/dzoan\"><span style=\"color: #333333;\">DZOAN<\/span><\/a><\/span><br \/>\nD\u00e9veloppement : <span style=\"color: #333333;\"><a href=\"http:\/\/themeforest.net\/user\/wpstrong\"><span style=\"color: #333333;\">WPStrong<\/span><\/a><\/span><\/p>\n<h3>3\/ Protection des donn\u00e9es personnelles<\/h3>\n<p>Conform\u00e9ment aux dispositions de la loi n\u00b0 78-17 du 6 janvier 1978 relative \u00e0 l&rsquo;informatique, aux fichiers et aux libert\u00e9s, vous disposez d&rsquo;un droit d&rsquo;acc\u00e8s, de modification, de rectification et de suppression des donn\u00e9es vous concernant.<br \/>\nPour exercer ce droit, veuillez adresser votre demande par courrier \u00e0 l&rsquo;adresse suivante :<br \/>\nM. le Pr\u00e9sident du Conseil D\u00e9partemental<br \/>\nP\u00f4le Interdirectionnel Ressources Internes<br \/>\nDirection Affaires Juridiques et Ressources Documentaires<br \/>\n53 bis Rue de la Pr\u00e9fecture &#8211; B.P. 1601<br \/>\n21035 Dijon Cedex<\/p>\n<h3>4\/ Acc\u00e8s aux documents administratifs<\/h3>\n<p>Conform\u00e9ment aux dispositions de la loi n\u00b0 78-753 relative \u00e0 la libert\u00e9 d&rsquo;acc\u00e8s aux documents administratifs les personnes responsables de l&rsquo;acc\u00e8s aux documents administratifs et des questions relatives \u00e0 la r\u00e9utilisation des informations publiques sont :<br \/>\n&#8211; M. Phillippe BEFFY, charg\u00e9 d&rsquo;\u00e9tudes juridiques, t\u00e9l. 03 80 63 30 28<br \/>\n&#8211; Mme Nadine FLEURY, charg\u00e9e d&rsquo;\u00e9tudes juridiques, t\u00e9l. 03 80 63 32 23<\/p>\n<h3>5\/ Droits d&rsquo;auteur<\/h3>\n<p>Tous les documents pr\u00e9sents sur le site Internet thd.cotedor.fr sont soumis aux droits d&rsquo;auteur et sont la propri\u00e9t\u00e9 du Conseil\u00a0D\u00e9partemental ou sont utilis\u00e9s avec la permission des titulaires de ces droits. Toute reproduction est interdite sans autorisation \u00e9crite pr\u00e9alable.<\/p>\n<h3>6\/ Liens hypertextes et syndication de contenu<\/h3>\n<p>Tous les liens vers le site\u00a0thd.cotedor.fr peuvent \u00eatre librement \u00e9tablis d\u00e8s lors qu&rsquo;ils ne sont pas utilis\u00e9s \u00e0 des fins commerciales ou publicitaires, sous r\u00e9serve que la mention\u00a0\u00ab\u00a0sur le site\u00a0thd.cotedor.fr \u00bbou toute mention \u00e9quivalente soit indiqu\u00e9e clairement sur le lien ou \u00e0 proximit\u00e9 de celui-ci, et que les auteurs du lien en aient pr\u00e9alablement inform\u00e9 le webmestre : <a title=\"contact webmaster\" href=\"http:\/\/www.cotedor.fr\/cms\/lang\/fr\/contact-webmaster\" target=\"_blank\" rel=\"noopener noreferrer\">(Contact webmestre)<\/a><br \/>\nSont naturellement exclus de cette autorisation les sites diffusant des informations \u00e0 caract\u00e8re illicite, violent, pol\u00e9mique, pornographique, x\u00e9nophobe ou pouvant porter atteinte \u00e0 la sensibilit\u00e9 du plus grand nombre.<br \/>\n(Le cas \u00e9ch\u00e9ant) La syndication du contenu des flux RSS du site\u00a0thd.cotedor.fr sur un autre site ou blog ou page personnelle est soumise aux m\u00eames conditions.<br \/>\nLe D\u00e9partement de la C\u00f4te-d&rsquo;Or effectue des mises \u00e0 jour quotidiennes de son site internet.<br \/>\nNous rappelons donc que le contenu du site peut comporter des inexactitudes ou omissions, et que ses contenus sont susceptibles d&rsquo;\u00eatre modifi\u00e9s mis \u00e0 jour ou supprim\u00e9s \u00e0 tout moment.<br \/>\nSi vous constatez un probl\u00e8me technique, une information erron\u00e9e ou incompl\u00e8te, n&rsquo;h\u00e9sitez pas \u00e0 le signaler \u00e0 notre administrateur du site via le formulaire contact de notre site. <a title=\"contact webmaster\" href=\"http:\/\/www.cotedor.fr\/cms\/lang\/fr\/contact-webmaster\" target=\"_blank\" rel=\"noopener noreferrer\">(Contact webmestre)<\/a><br \/>\nLe Conseil D\u00e9partemental ne peut \u00eatre tenu pour responsable du contenu des sites tiers qui sont r\u00e9f\u00e9renc\u00e9s dans ses pages.<\/p>\n<h3>6\/ LA PROTECTION DES DONNEES PERSONNELLES SUR LE SITE<\/h3>\n<p>Aucune information personnelle n&rsquo;est collect\u00e9e \u00e0 votre insu<br \/>\nAucune information personnelle n&rsquo;est c\u00e9d\u00e9e \u00e0 des tiers<br \/>\nAucune information personnelle n&rsquo;est utilis\u00e9e \u00e0 des fins non pr\u00e9vues<\/p>\n<p>Ce site s\u2019appuie sur Matomo pour la gestion de ses statistiques.<\/p>\n<h3>7\/ UTILISATION DES COOKIES<\/h3>\n<p>Ce site utilise des \u00ab cookies \u00bb afin d\u2019am\u00e9liorer les services rendus aux Internautes, notamment via les services de mesure d\u2019audience de Matomo.<br \/>\nCes cookies fournissent des informations sur la fa\u00e7on dont le site est utilis\u00e9 (statistiques sur le trafic telles que le nombre de visiteurs, la dur\u00e9e moyenne des visites ou encore le nombre de pages vues) et permettent de fluidifier la navigation et d\u2019am\u00e9liorer l\u2019exp\u00e9rience utilisateur.<\/p>\n<p>Vous pouvez d\u00e9sactiver l\u2019utilisation de l\u2019ensemble des cookies sur le site ci-dessous<\/p>\n<p><code><p id=\"matomo_opted_out_intro\" style=\"display:none;\">Opt-out complete; your visits to this website will not be recorded by the Web Analytics tool. Note that if you clear your cookies, delete the opt-out cookie, or if you change computers or Web browsers, you will need to perform the opt-out procedure again.<\/p><p id=\"matomo_opted_in_intro\" >You may choose to prevent this website from aggregating and analyzing the actions you take here. Doing so will protect your privacy, but will also prevent the owner from learning from your actions and creating a better experience for you and other users.<\/p><form>\n        <input type=\"checkbox\" id=\"matomo_optout_checkbox\" checked=\"checked\"\/>\n        <label for=\"matomo_optout_checkbox\"><strong>\n        <span id=\"matomo_opted_in_label\" >You are not opted out. Uncheck this box to opt-out.<\/span>\n\t\t<span id=\"matomo_opted_out_label\" style=\"display:none;\">You are currently opted out. Check this box to opt-in.<\/span>\n        <\/strong><\/label><\/form><noscript><p><strong style=\"color: #ff0000;\">This opt out feature requires JavaScript.<\/strong><\/p><\/noscript><p id=\"matomo_outout_err_cookies\" style=\"display: none;\"><strong>The tracking opt-out feature requires cookies to be enabled.<\/strong><\/p><\/code><\/p>\n","protected":false},"excerpt":{"rendered":"<p>1\/ Information \u00e9diteur Le pr\u00e9sent site est la propri\u00e9t\u00e9 du D\u00e9partement de la C\u00f4te-d&rsquo;Or dont le si\u00e8ge est situ\u00e9 \u00e0 : H\u00f4tel du D\u00e9partement 53 bis Rue de la Pr\u00e9fecture [&hellip;]<\/p>\n","protected":false},"author":1,"featured_media":0,"parent":0,"menu_order":0,"comment_status":"open","ping_status":"open","template":"","meta":{"footnotes":""},"class_list":["post-2","page","type-page","status-publish","hentry"],"_links":{"self":[{"href":"https:\/\/www.thd.cotedor.fr\/index.php?rest_route=\/wp\/v2\/pages\/2","targetHints":{"allow":["GET"]}}],"collection":[{"href":"https:\/\/www.thd.cotedor.fr\/index.php?rest_route=\/wp\/v2\/pages"}],"about":[{"href":"https:\/\/www.thd.cotedor.fr\/index.php?rest_route=\/wp\/v2\/types\/page"}],"author":[{"embeddable":true,"href":"https:\/\/www.thd.cotedor.fr\/index.php?rest_route=\/wp\/v2\/users\/1"}],"replies":[{"embeddable":true,"href":"https:\/\/www.thd.cotedor.fr\/index.php?rest_route=%2Fwp%2Fv2%2Fcomments&post=2"}],"version-history":[{"count":13,"href":"https:\/\/www.thd.cotedor.fr\/index.php?rest_route=\/wp\/v2\/pages\/2\/revisions"}],"predecessor-version":[{"id":3994,"href":"https:\/\/www.thd.cotedor.fr\/index.php?rest_route=\/wp\/v2\/pages\/2\/revisions\/3994"}],"wp:attachment":[{"href":"https:\/\/www.thd.cotedor.fr\/index.php?rest_route=%2Fwp%2Fv2%2Fmedia&parent=2"}],"curies":[{"name":"wp","href":"https:\/\/api.w.org\/{rel}","templated":true}]}}