{"id":3499,"date":"2022-10-04T13:42:42","date_gmt":"2022-10-04T12:42:42","guid":{"rendered":"http:\/\/www.thd.cotedor.fr\/?page_id=3499"},"modified":"2022-10-04T13:56:48","modified_gmt":"2022-10-04T12:56:48","slug":"la-fibre-dans-votre-salon","status":"publish","type":"page","link":"https:\/\/www.thd.cotedor.fr\/?page_id=3499","title":{"rendered":"La fibre dans votre salon"},"content":{"rendered":"<div class=\"blog_container\"><div class=\"row-full clearfix\"><div class=\"brick2\"><a href=\"https:\/\/www.thd.cotedor.fr\/?p=284\" class=\"article\">\r\n\t\t\t\t\t\t\t<img loading=\"lazy\" decoding=\"async\" width=\"390\" height=\"195\" src=\"https:\/\/www.thd.cotedor.fr\/wp-content\/uploads\/2022\/10\/Etape-1-v2-390x195.jpg\" class=\"attachment-brick_thumb_double size-brick_thumb_double wp-post-image\" alt=\"\" \/>\r\n\t\t\t\t\t\t\t<div class=\"meta\">\r\n\t\t\t\t\t\t\t\t<h5><i class=\"icon-file-alt\"><\/i>Acc\u00e9der \u00e0 la fibre &#8211; \u00c9tape 1<\/h5>\r\n\t\t\t\t\t\t\t\t<p class=\"desc\">\r\n\t\t\t\t\t\t\t\t\tVous testez l\u2019\u00e9ligibilit\u00e9 de votre logement\n\n \tSi votre logement est situ\u00e9 en zone d\u2019initiative publique ou en zone AMEL : \nvous pouvez directement suivre l\u2019\u00e9tat d\u2019avancement du chantier fibre,\n \tSi votre logement est situ\u00e9 en zone AMII, ...\r\n\t\t\t\t\t\t\t\t<\/p>\r\n\t\t\t\t\t\t\t<\/div>\r\n\t\t\t\t\t\t<\/a><\/div><div class=\"brick2\"><a href=\"https:\/\/www.thd.cotedor.fr\/?p=138\" class=\"article\">\r\n\t\t\t\t\t\t\t<img loading=\"lazy\" decoding=\"async\" width=\"390\" height=\"195\" src=\"https:\/\/www.thd.cotedor.fr\/wp-content\/uploads\/2022\/10\/Etape-2-v2-390x195.jpg\" class=\"attachment-brick_thumb_double size-brick_thumb_double wp-post-image\" alt=\"\" \/>\r\n\t\t\t\t\t\t\t<div class=\"meta\">\r\n\t\t\t\t\t\t\t\t<h5><i class=\"icon-file-alt\"><\/i>Acc\u00e9der \u00e0 la fibre &#8211; \u00c9tape 2<\/h5>\r\n\t\t\t\t\t\t\t\t<p class=\"desc\">\r\n\t\t\t\t\t\t\t\t\tSi vous \u00eates \u00e9ligible \u00e0 la fibre, vous pouvez souscrire un abonnement aupr\u00e8s du Fournisseur d\u2019Acc\u00e8s \u00e0 Internet choisi et ainsi prendre un rendez-vous pour le raccordement de votre logement \u00e0 la fibre qui devra se d\u00e9rouler en votre pr\u00e9sence ...\r\n\t\t\t\t\t\t\t\t<\/p>\r\n\t\t\t\t\t\t\t<\/div>\r\n\t\t\t\t\t\t<\/a><\/div><div class=\"brick2\"><a href=\"https:\/\/www.thd.cotedor.fr\/?p=200\" class=\"article\">\r\n\t\t\t\t\t\t\t<img loading=\"lazy\" decoding=\"async\" width=\"390\" height=\"195\" src=\"https:\/\/www.thd.cotedor.fr\/wp-content\/uploads\/2022\/10\/Etape-3-v2-390x195.jpg\" class=\"attachment-brick_thumb_double size-brick_thumb_double wp-post-image\" alt=\"\" \/>\r\n\t\t\t\t\t\t\t<div class=\"meta\">\r\n\t\t\t\t\t\t\t\t<h5><i class=\"icon-file-alt\"><\/i>Acc\u00e9der \u00e0 la fibre &#8211; \u00c9tape 3<\/h5>\r\n\t\t\t\t\t\t\t\t<p class=\"desc\">\r\n\t\t\t\t\t\t\t\t\tUn technicien envoy\u00e9 par le Fournisseur d\u2019Acc\u00e8s \u00e0 Internet que vous avez choisi vient \u00e0 votre domicile pour r\u00e9aliser le branchement final optique.\r\n\t\t\t\t\t\t\t\t<\/p>\r\n\t\t\t\t\t\t\t<\/div>\r\n\t\t\t\t\t\t<\/a><\/div><\/div><div class=\"row-full clearfix\"><div class=\"brick2\"><a href=\"https:\/\/www.thd.cotedor.fr\/?p=1634\" class=\"article\">\r\n\t\t\t\t\t\t\t<img loading=\"lazy\" decoding=\"async\" width=\"390\" height=\"195\" src=\"https:\/\/www.thd.cotedor.fr\/wp-content\/uploads\/2022\/10\/Etape-4-v2-390x195.jpg\" class=\"attachment-brick_thumb_double size-brick_thumb_double wp-post-image\" alt=\"\" \/>\r\n\t\t\t\t\t\t\t<div class=\"meta\">\r\n\t\t\t\t\t\t\t\t<h5><i class=\"icon-file-alt\"><\/i>Acc\u00e9der \u00e0 la fibre \u2013 \u00c9tape 4<\/h5>\r\n\t\t\t\t\t\t\t\t<p class=\"desc\">\r\n\t\t\t\t\t\t\t\t\tApr\u00e8s installation et d\u00e9marrage de la box, vous disposez de la fibre optique chez vous et acc\u00e9dez \u00e0 des services plus performants.\r\n\t\t\t\t\t\t\t\t<\/p>\r\n\t\t\t\t\t\t\t<\/div>\r\n\t\t\t\t\t\t<\/a><\/div><div class=\"brick2\"><p><iframe loading=\"lazy\" title=\"Le raccordement de la fibre \u00e0 votre logement\" width=\"640\" height=\"360\" src=\"https:\/\/www.youtube.com\/embed\/Lwan2xU8oG8?feature=oembed\" frameborder=\"0\" allow=\"accelerometer; autoplay; clipboard-write; encrypted-media; gyroscope; picture-in-picture; web-share\" referrerpolicy=\"strict-origin-when-cross-origin\" allowfullscreen><\/iframe><\/p>\n<\/div><div class=\"brick2\"><a href=\"https:\/\/www.thd.cotedor.fr\/?p=292\" class=\"article\">\r\n\t\t\t\t\t\t\t<img loading=\"lazy\" decoding=\"async\" width=\"390\" height=\"99\" src=\"https:\/\/www.thd.cotedor.fr\/wp-content\/uploads\/2014\/09\/Pied-de-Page620-390x99.jpg\" class=\"attachment-brick_thumb_double size-brick_thumb_double wp-post-image\" alt=\"\" \/>\r\n\t\t\t\t\t\t\t<div class=\"meta\">\r\n\t\t\t\t\t\t\t\t<h5><i class=\"icon-file-alt\"><\/i>La fibre arrive dans votre commune ?<\/h5>\r\n\t\t\t\t\t\t\t\t<p class=\"desc\">\r\n\t\t\t\t\t\t\t\t\tT\u00e9l\u00e9charger la plaquette d'information\r\n\r\n\u2192 La fibre arrive dans votre commune Comment en b\u00e9n\u00e9ficier ? - Mode d'emploi (fichier pdf)\r\n\t\t\t\t\t\t\t\t<\/p>\r\n\t\t\t\t\t\t\t<\/div>\r\n\t\t\t\t\t\t<\/a><\/div><\/div><\/div>\n","protected":false},"excerpt":{"rendered":"","protected":false},"author":1,"featured_media":0,"parent":0,"menu_order":0,"comment_status":"open","ping_status":"open","template":"","meta":{"footnotes":""},"class_list":["post-3499","page","type-page","status-publish","hentry"],"_links":{"self":[{"href":"https:\/\/www.thd.cotedor.fr\/index.php?rest_route=\/wp\/v2\/pages\/3499","targetHints":{"allow":["GET"]}}],"collection":[{"href":"https:\/\/www.thd.cotedor.fr\/index.php?rest_route=\/wp\/v2\/pages"}],"about":[{"href":"https:\/\/www.thd.cotedor.fr\/index.php?rest_route=\/wp\/v2\/types\/page"}],"author":[{"embeddable":true,"href":"https:\/\/www.thd.cotedor.fr\/index.php?rest_route=\/wp\/v2\/users\/1"}],"replies":[{"embeddable":true,"href":"https:\/\/www.thd.cotedor.fr\/index.php?rest_route=%2Fwp%2Fv2%2Fcomments&post=3499"}],"version-history":[{"count":4,"href":"https:\/\/www.thd.cotedor.fr\/index.php?rest_route=\/wp\/v2\/pages\/3499\/revisions"}],"predecessor-version":[{"id":3507,"href":"https:\/\/www.thd.cotedor.fr\/index.php?rest_route=\/wp\/v2\/pages\/3499\/revisions\/3507"}],"wp:attachment":[{"href":"https:\/\/www.thd.cotedor.fr\/index.php?rest_route=%2Fwp%2Fv2%2Fmedia&parent=3499"}],"curies":[{"name":"wp","href":"https:\/\/api.w.org\/{rel}","templated":true}]}}