{"id":35,"date":"2014-09-23T10:45:53","date_gmt":"2014-09-23T09:45:53","guid":{"rendered":"http:\/\/www.thdcotedor.webcd21.fr\/?page_id=35"},"modified":"2022-10-04T12:41:54","modified_gmt":"2022-10-04T11:41:54","slug":"sdant","status":"publish","type":"page","link":"https:\/\/www.thd.cotedor.fr\/?page_id=35","title":{"rendered":"Qui d\u00e9ploie la fibre en C\u00f4te-d&rsquo;Or ?"},"content":{"rendered":"<h3>3 op\u00e9rateurs en C\u00f4te-d&rsquo;Or<\/h3>\n<ul>\n<li><strong>Le Conseil<\/strong> <strong>D\u00e9partemental<\/strong> en zone dite d&rsquo;Intervention Publique (405 communes)<\/li>\n<li><strong>Altitude Fibre 21<\/strong> en zone dite AMEL (224 Communes),<\/li>\n<li><strong>Orange<\/strong> en zone dite AMII (69 Communes de la m\u00e9tropole dijonnaise sauf Corcelles-l\u00e8s-Monts et<br \/>\nFlavignerot et de la Communaut\u00e9 d\u2019Agglom\u00e9ration de Beaune C\u00f4te et Sud).<\/li>\n<\/ul>\n<hr \/>\n<blockquote><p>Les r\u00e9seaux ainsi d\u00e9ploy\u00e9s sont mis \u00e0 la disposition des Fournisseurs d\u2019Acc\u00e8s \u00e0 Internet nationaux (Bouygues T\u00e9l\u00e9com, Free, SFR, Orange) ou Fournisseurs d\u2019Acc\u00e8s \u00e0 Internet dits locaux. Faites jouer la concurrence !<\/p><\/blockquote>\n","protected":false},"excerpt":{"rendered":"<p>3 op\u00e9rateurs en C\u00f4te-d&rsquo;Or Le Conseil D\u00e9partemental en zone dite d&rsquo;Intervention Publique (405 communes) Altitude Fibre 21 en zone dite AMEL (224 Communes), Orange en zone dite AMII (69 Communes [&hellip;]<\/p>\n","protected":false},"author":1,"featured_media":0,"parent":0,"menu_order":0,"comment_status":"open","ping_status":"open","template":"","meta":{"footnotes":""},"class_list":["post-35","page","type-page","status-publish","hentry"],"_links":{"self":[{"href":"https:\/\/www.thd.cotedor.fr\/index.php?rest_route=\/wp\/v2\/pages\/35","targetHints":{"allow":["GET"]}}],"collection":[{"href":"https:\/\/www.thd.cotedor.fr\/index.php?rest_route=\/wp\/v2\/pages"}],"about":[{"href":"https:\/\/www.thd.cotedor.fr\/index.php?rest_route=\/wp\/v2\/types\/page"}],"author":[{"embeddable":true,"href":"https:\/\/www.thd.cotedor.fr\/index.php?rest_route=\/wp\/v2\/users\/1"}],"replies":[{"embeddable":true,"href":"https:\/\/www.thd.cotedor.fr\/index.php?rest_route=%2Fwp%2Fv2%2Fcomments&post=35"}],"version-history":[{"count":20,"href":"https:\/\/www.thd.cotedor.fr\/index.php?rest_route=\/wp\/v2\/pages\/35\/revisions"}],"predecessor-version":[{"id":3496,"href":"https:\/\/www.thd.cotedor.fr\/index.php?rest_route=\/wp\/v2\/pages\/35\/revisions\/3496"}],"wp:attachment":[{"href":"https:\/\/www.thd.cotedor.fr\/index.php?rest_route=%2Fwp%2Fv2%2Fmedia&parent=35"}],"curies":[{"name":"wp","href":"https:\/\/api.w.org\/{rel}","templated":true}]}}