{"id":40,"date":"2014-09-23T11:00:31","date_gmt":"2014-09-23T10:00:31","guid":{"rendered":"http:\/\/www.thdcotedor.webcd21.fr\/?page_id=40"},"modified":"2025-01-07T07:15:34","modified_gmt":"2025-01-07T06:15:34","slug":"espace-numerique","status":"publish","type":"page","link":"https:\/\/www.thd.cotedor.fr\/?page_id=40","title":{"rendered":"Espaces Num\u00e9riques C\u00f4te-d\u2019Or"},"content":{"rendered":"<p>Face au d\u00e9ploiement des usages et au d\u00e9veloppement croissant de l\u2019e-administration, l\u2019inclusion num\u00e9rique joue aujourd\u2019hui un r\u00f4le fondamental dans l\u2019insertion sociale et \u00e9conomique des C\u00f4te-d\u2019Oriens. C\u2019est pourquoi de nombreux relais de service public se d\u00e9ploient sur l\u2019ensemble du territoire d\u00e9partemental afin de vous proposer, au plus proche de chez vous :<\/p>\n<div class=\"block-rte\">\n<ul>\n<li>des formations au num\u00e9rique,<\/li>\n<li>un accompagnement personnalis\u00e9 dans vos d\u00e9marches administratives,<\/li>\n<li>des permanences sur rendez-vous\u2026<\/li>\n<\/ul>\n<hr>\n<h2>Vous accompagner dans le num\u00e9rique partout en C\u00f4te-d\u2019Or<\/h2>\n<\/div>\n\n\n<div class=\"wp-block-columns is-layout-flex wp-container-core-columns-is-layout-1 wp-block-columns-is-layout-flex\">\n<div class=\"wp-block-column is-layout-flow wp-block-column-is-layout-flow\">\n<h3 class=\"wp-block-heading\">Pour les C\u00f4te-d&rsquo;Oriens<\/h3>\n\n\n\n<div id=\"ref-tabs-1\" class=\"bck-tabs--wrapper-content\" aria-hidden=\"false\">\n<div class=\"gbl-grid\">\n<div class=\"gbl-grid--col-6of12\">\n<div class=\"bck\">\n<div class=\"bck--inner\">\n<div class=\"block-rte\">\n<h4>Des Espaces Num\u00e9riques\u2026<br>\u2026o\u00f9 l\u2019on vous apprend \u00e0 dompter l\u2019informatique<\/h4>\n<p>Espaces de m\u00e9diation et de formation au num\u00e9rique, les espaces publics num\u00e9riques ont vocation \u00e0 faciliter l\u2019apprentissage des technologies autour du num\u00e9rique. N\u2019ayez plus peur de l\u2019informatique et du digital et osez franchir la porte des espaces num\u00e9riques pour participer \u00e0 des ateliers et formations pour, par exemple, apprendre \u00e0 cr\u00e9er un CV, votre boite mail et \u00e0 la g\u00e9rer\u2026<\/p>\n<\/div>\n<\/div>\n<\/div>\n<\/div>\n<div class=\"gbl-grid--col-6of12\">\n<div class=\"block-rte\">\n<h4>Des Maisons France Services\u2026<br>\u2026o\u00f9 l\u2019on vous accompagne dans vos d\u00e9marches administratives en ligne<\/h4>\n<p>Situ\u00e9s \u00e0 moins de 30 minutes de chez vous, les agents France services vous accompagnent dans toutes vos d\u00e9marches du quotidien. Vous avez une demande de carte grise, une question sur vos imp\u00f4ts, votre retraite, ou sur vos allocations familiales\u2026&nbsp;? Osez vous faire accompagner&nbsp;!<\/p>\n<\/div>\n<\/div>\n<\/div>\n<\/div>\n<\/div>\n\n\n\n<div class=\"wp-block-column is-layout-flow wp-block-column-is-layout-flow\">\n<h3 class=\"wp-block-heading\">Pour les collectivit\u00e9s<\/h3>\n\n\n\n<div id=\"ref-tabs-2\" class=\"bck-tabs--wrapper-content\" aria-hidden=\"false\">\n<div class=\"gbl-grid\">\n<div class=\"gbl-grid--col-6of12\">\n<div class=\"bck\">\n<div class=\"bck--inner\">\n<div class=\"block-rte\">\n<ul>\n<li>Si vous n\u2019avez pas de structure de m\u00e9diation proche de chez vous, 7 conseillers num\u00e9riques du D\u00e9partement (recrut\u00e9s par le D\u00e9partement dans le cadre du dispositif France Relance) sont \u00e0 votre disposition pour apporter un soutien \u00e0 vos usagers sous forme d\u2019ateliers collectifs ou d\u2019accompagnements individuels.<br \/><br \/>En tant que partenaire du Conseil D\u00e9partemental de la C\u00f4te-d\u2019Or, vous pouvez b\u00e9n\u00e9ficier de ce service totalement gratuit, en formulant votre demande \u00e0 l\u2019adresse : <a title=\"Contact\" href=\"mailto:conseil.numerique@cotedor.fr\" target=\"_blank\" rel=\"noopener\">conseil.numerique@cotedor.fr<\/a>.<\/li>\n<\/ul>\n<\/div>\n<\/div>\n<\/div>\n<\/div>\n<div class=\"gbl-grid--col-6of12\">\n<div class=\"block-number\">\n<div class=\"block-number--inner\">\u00a0<\/div>\n<\/div>\n<div class=\"block-rte\">\n<ul>\n<li>Si vous disposez d\u00e9j\u00e0 d\u2019un espace de m\u00e9diation num\u00e9rique \u00e0 destination de vos usagers mais que vous souhaitez d\u00e9velopper un partenariat avec le D\u00e9partement\u00a0pour un pr\u00eat de mat\u00e9riel, un soutien de nos conseillers num\u00e9riques sur des actions ponctuelles, une aide \u00e0 la conception de vos projets\u2026 vous pouvez demander \u00e0 int\u00e9grer le label num\u00e9rique \u00ab\u00a0C\u00f4te-d&rsquo;Or\u00a0\u00bb en formulant \u00e9galement votre demande \u00e0 l\u2019adresse\u00a0: <a title=\"Contact\" href=\"mailto:conseil.numerique@cotedor.fr\" target=\"_blank\" rel=\"noopener\">conseil.numerique@cotedor.fr<\/a>.<\/li>\n<\/ul>\n<\/div>\n<\/div>\n<\/div>\n<\/div>\n<\/div>\n<\/div>\n\n\n\n<div class=\"wp-block-columns is-layout-flex wp-container-core-columns-is-layout-2 wp-block-columns-is-layout-flex\">\n<div class=\"wp-block-column is-layout-flow wp-block-column-is-layout-flow\">\n<div class=\"wp-block-buttons is-layout-flex wp-block-buttons-is-layout-flex\">\n<div class=\"wp-block-button is-style-outline is-style-outline--1\"><a class=\"wp-block-button__link has-vivid-cyan-blue-color has-text-color wp-element-button\" href=\"https:\/\/experience.arcgis.com\/experience\/769f4683dc834e2786dcf249c7155c0b\" target=\"_blank\" rel=\"noreferrer noopener\">Carte interactive des espaces de m\u00e9diations num\u00e9riques proches de chez vous<\/a><\/div>\n<\/div>\n<\/div>\n\n\n\n<div class=\"wp-block-column is-layout-flow wp-block-column-is-layout-flow\">\n<div class=\"wp-block-buttons is-layout-flex wp-block-buttons-is-layout-flex\">\n<div class=\"wp-block-button is-style-outline is-style-outline--2\"><a class=\"wp-block-button__link has-vivid-cyan-blue-color has-text-color wp-element-button\" href=\"https:\/\/www.conseiller-numerique.gouv.fr\/\" target=\"_blank\" rel=\"noreferrer noopener\">Site Internet Conseiller num\u00e9rique France Services<\/a><\/div>\n<\/div>\n<\/div>\n<\/div>\n\n\n\n<div class=\"wp-block-buttons is-content-justification-center is-layout-flex wp-container-core-buttons-is-layout-3 wp-block-buttons-is-layout-flex\"><\/div>\n\n\n\n<hr>\n<p>&nbsp;<\/p>\n\n\n\n<div class=\"wp-block-buttons is-content-justification-center is-layout-flex wp-container-core-buttons-is-layout-4 wp-block-buttons-is-layout-flex\"><\/div>\n\n\n\n<blockquote class=\"wp-block-quote has-text-align-left is-style-default is-layout-flow wp-block-quote-is-layout-flow\">\n<p>Op\u00e9ration soutenue par l&rsquo;Etat dans le cadre du dispositif Conseiller num\u00e9rique France Services<\/p>\n<\/blockquote>\n\n\n\n<figure class=\"wp-block-image size-large\"><a href=\"https:\/\/www.thd.cotedor.fr\/wp-content\/uploads\/2022\/08\/conseiller-numerique-france-services.jpg\"><img loading=\"lazy\" decoding=\"async\" width=\"1024\" height=\"219\" src=\"https:\/\/www.thd.cotedor.fr\/wp-content\/uploads\/2022\/08\/conseiller-numerique-france-services-1024x219.jpg\" alt=\"\" class=\"wp-image-3379\" srcset=\"https:\/\/www.thd.cotedor.fr\/wp-content\/uploads\/2022\/08\/conseiller-numerique-france-services-1024x219.jpg 1024w, https:\/\/www.thd.cotedor.fr\/wp-content\/uploads\/2022\/08\/conseiller-numerique-france-services-300x64.jpg 300w, https:\/\/www.thd.cotedor.fr\/wp-content\/uploads\/2022\/08\/conseiller-numerique-france-services-768x164.jpg 768w, https:\/\/www.thd.cotedor.fr\/wp-content\/uploads\/2022\/08\/conseiller-numerique-france-services.jpg 1200w\" sizes=\"auto, (max-width: 1024px) 100vw, 1024px\" \/><\/a><\/figure>\n","protected":false},"excerpt":{"rendered":"<p>Face au d\u00e9ploiement des usages et au d\u00e9veloppement croissant de l\u2019e-administration, l\u2019inclusion num\u00e9rique joue aujourd\u2019hui un r\u00f4le fondamental dans l\u2019insertion sociale et \u00e9conomique des C\u00f4te-d\u2019Oriens. C\u2019est pourquoi de nombreux relais [&hellip;]<\/p>\n","protected":false},"author":1,"featured_media":0,"parent":0,"menu_order":0,"comment_status":"open","ping_status":"closed","template":"","meta":{"footnotes":""},"class_list":["post-40","page","type-page","status-publish","hentry"],"_links":{"self":[{"href":"https:\/\/www.thd.cotedor.fr\/index.php?rest_route=\/wp\/v2\/pages\/40","targetHints":{"allow":["GET"]}}],"collection":[{"href":"https:\/\/www.thd.cotedor.fr\/index.php?rest_route=\/wp\/v2\/pages"}],"about":[{"href":"https:\/\/www.thd.cotedor.fr\/index.php?rest_route=\/wp\/v2\/types\/page"}],"author":[{"embeddable":true,"href":"https:\/\/www.thd.cotedor.fr\/index.php?rest_route=\/wp\/v2\/users\/1"}],"replies":[{"embeddable":true,"href":"https:\/\/www.thd.cotedor.fr\/index.php?rest_route=%2Fwp%2Fv2%2Fcomments&post=40"}],"version-history":[{"count":34,"href":"https:\/\/www.thd.cotedor.fr\/index.php?rest_route=\/wp\/v2\/pages\/40\/revisions"}],"predecessor-version":[{"id":4710,"href":"https:\/\/www.thd.cotedor.fr\/index.php?rest_route=\/wp\/v2\/pages\/40\/revisions\/4710"}],"wp:attachment":[{"href":"https:\/\/www.thd.cotedor.fr\/index.php?rest_route=%2Fwp%2Fv2%2Fmedia&parent=40"}],"curies":[{"name":"wp","href":"https:\/\/api.w.org\/{rel}","templated":true}]}}